{"id":7680,"date":"2021-11-07T21:13:08","date_gmt":"2021-11-07T20:13:08","guid":{"rendered":"https:\/\/sensuu.pl\/?post_type=product&#038;p=7680"},"modified":"2021-11-07T21:13:08","modified_gmt":"2021-11-07T20:13:08","slug":"biustonosz-simone-perele-del-fioletowy-75e","status":"publish","type":"product","link":"https:\/\/sensuu.pl\/index.php\/produkt\/biustonosz-simone-perele-del-fioletowy-75e\/","title":{"rendered":"Biustonosz Simone P\u00e9r\u00e8le DEL Fioletowy 75E"},"content":{"rendered":"<p>Biustonosz Simone P\u00e9r\u00e8le DEL Fioletowy<br \/>\nRozmiar 75E<br \/>\n12X330<\/p>\n<p>*w sprzeda\u017cy wy\u0142\u0105cznie biustonosz<\/p>\n<p><strong>Simone P\u00e9r\u00e8le<\/strong> to francuska marka ekskluzywnej bielizny, stworzonej z materia\u0142\u00f3w najwy\u017cszej jako\u015bci. Dba\u0142o\u015b\u0107 o szczeg\u00f3\u0142y i jako\u015b w ka\u017cdym detalu to jej znak rozpoznawczy. To marka, kt\u00f3r\u0105 wyr\u00f3\u017cnia zmys\u0142owo\u015b\u0107 i kobieco\u015b\u0107.<\/p>\n","protected":false},"excerpt":{"rendered":"<p>Biustonosz Simone P\u00e9r\u00e8le DEL Fioletowy<br \/>\nRozmiar 75E<\/p>\n","protected":false},"featured_media":7673,"template":"","meta":[],"product_brand":[],"product_cat":[89,90],"product_tag":[156,142,205,136,173,179],"class_list":{"0":"post-7680","1":"product","2":"type-product","3":"status-publish","4":"has-post-thumbnail","6":"product_cat-bra","7":"product_cat-koronkowe","8":"product_tag-bielizna-dla-siebie","9":"product_tag-bielizna-koronkowa","10":"product_tag-elegancki-biustonosz","11":"product_tag-francuska-bielizna","12":"product_tag-koronkowy-biustonosz","13":"product_tag-seksowna-bielizna","15":"first","16":"instock","17":"shipping-taxable","18":"purchasable","19":"product-type-simple"},"_links":{"self":[{"href":"https:\/\/sensuu.pl\/index.php\/wp-json\/wp\/v2\/product\/7680","targetHints":{"allow":["GET"]}}],"collection":[{"href":"https:\/\/sensuu.pl\/index.php\/wp-json\/wp\/v2\/product"}],"about":[{"href":"https:\/\/sensuu.pl\/index.php\/wp-json\/wp\/v2\/types\/product"}],"version-history":[{"count":4,"href":"https:\/\/sensuu.pl\/index.php\/wp-json\/wp\/v2\/product\/7680\/revisions"}],"predecessor-version":[{"id":8552,"href":"https:\/\/sensuu.pl\/index.php\/wp-json\/wp\/v2\/product\/7680\/revisions\/8552"}],"wp:featuredmedia":[{"embeddable":true,"href":"https:\/\/sensuu.pl\/index.php\/wp-json\/wp\/v2\/media\/7673"}],"wp:attachment":[{"href":"https:\/\/sensuu.pl\/index.php\/wp-json\/wp\/v2\/media?parent=7680"}],"wp:term":[{"taxonomy":"product_brand","embeddable":true,"href":"https:\/\/sensuu.pl\/index.php\/wp-json\/wp\/v2\/product_brand?post=7680"},{"taxonomy":"product_cat","embeddable":true,"href":"https:\/\/sensuu.pl\/index.php\/wp-json\/wp\/v2\/product_cat?post=7680"},{"taxonomy":"product_tag","embeddable":true,"href":"https:\/\/sensuu.pl\/index.php\/wp-json\/wp\/v2\/product_tag?post=7680"}],"curies":[{"name":"wp","href":"https:\/\/api.w.org\/{rel}","templated":true}]}}