{"id":7672,"date":"2021-11-07T21:08:02","date_gmt":"2021-11-07T20:08:02","guid":{"rendered":"https:\/\/sensuu.pl\/?post_type=product&#038;p=7672"},"modified":"2021-11-07T21:19:48","modified_gmt":"2021-11-07T20:19:48","slug":"komplet-simone-perele-ede-fioletowy-80e","status":"publish","type":"product","link":"https:\/\/sensuu.pl\/index.php\/produkt\/komplet-simone-perele-ede-fioletowy-80e\/","title":{"rendered":"Komplet Simone P\u00e9r\u00e8le EDE Fioletowy 80E"},"content":{"rendered":"<p>Biustonosz Simone P\u00e9r\u00e8le EDE Fioletowy<br \/>\nRozmiar 80E<br \/>\nMajtki rozmiar 3 (38-40)<\/p>\n<p><strong>Simone P\u00e9r\u00e8le<\/strong> to francuska marka ekskluzywnej bielizny, stworzonej z materia\u0142\u00f3w najwy\u017cszej jako\u015bci. Dba\u0142o\u015b\u0107 o szczeg\u00f3\u0142y i jako\u015b w ka\u017cdym detalu to jej znak rozpoznawczy. To marka, kt\u00f3r\u0105 wyr\u00f3\u017cnia zmys\u0142owo\u015b\u0107 i kobieco\u015b\u0107.<\/p>\n","protected":false},"excerpt":{"rendered":"<p>Biustonosz Simone P\u00e9r\u00e8le EDE Fioletowy<br \/>\nRozmiar 80E<br \/>\nMajtki rozmiar 3 (38-40)<\/p>\n","protected":false},"featured_media":7675,"template":"","meta":[],"product_brand":[],"product_cat":[89,97,92,91],"product_tag":[210,136,216,223],"class_list":{"0":"post-7672","1":"product","2":"type-product","3":"status-publish","4":"has-post-thumbnail","6":"product_cat-bra","7":"product_cat-komplety","8":"product_cat-spacer","9":"product_cat-usztywniane","10":"product_tag-elegancki-komplet","11":"product_tag-francuska-bielizna","12":"product_tag-stylowy-komplet","13":"product_tag-wygodna-bielizna","15":"first","16":"instock","17":"sale","18":"shipping-taxable","19":"purchasable","20":"product-type-simple"},"_links":{"self":[{"href":"https:\/\/sensuu.pl\/index.php\/wp-json\/wp\/v2\/product\/7672","targetHints":{"allow":["GET"]}}],"collection":[{"href":"https:\/\/sensuu.pl\/index.php\/wp-json\/wp\/v2\/product"}],"about":[{"href":"https:\/\/sensuu.pl\/index.php\/wp-json\/wp\/v2\/types\/product"}],"version-history":[{"count":3,"href":"https:\/\/sensuu.pl\/index.php\/wp-json\/wp\/v2\/product\/7672\/revisions"}],"predecessor-version":[{"id":8550,"href":"https:\/\/sensuu.pl\/index.php\/wp-json\/wp\/v2\/product\/7672\/revisions\/8550"}],"wp:featuredmedia":[{"embeddable":true,"href":"https:\/\/sensuu.pl\/index.php\/wp-json\/wp\/v2\/media\/7675"}],"wp:attachment":[{"href":"https:\/\/sensuu.pl\/index.php\/wp-json\/wp\/v2\/media?parent=7672"}],"wp:term":[{"taxonomy":"product_brand","embeddable":true,"href":"https:\/\/sensuu.pl\/index.php\/wp-json\/wp\/v2\/product_brand?post=7672"},{"taxonomy":"product_cat","embeddable":true,"href":"https:\/\/sensuu.pl\/index.php\/wp-json\/wp\/v2\/product_cat?post=7672"},{"taxonomy":"product_tag","embeddable":true,"href":"https:\/\/sensuu.pl\/index.php\/wp-json\/wp\/v2\/product_tag?post=7672"}],"curies":[{"name":"wp","href":"https:\/\/api.w.org\/{rel}","templated":true}]}}