{"id":7665,"date":"2021-06-15T00:01:23","date_gmt":"2021-06-14T22:01:23","guid":{"rendered":"https:\/\/sensuu.pl\/?post_type=product&#038;p=7665"},"modified":"2022-01-13T20:11:04","modified_gmt":"2022-01-13T19:11:04","slug":"biustonosz-simone-perele-ede-bialy-65f","status":"publish","type":"product","link":"https:\/\/sensuu.pl\/index.php\/produkt\/biustonosz-simone-perele-ede-bialy-65f\/","title":{"rendered":"Biustonosz Simone P\u00e9r\u00e8le EDE Bia\u0142y 65F"},"content":{"rendered":"<p>Biustonosz Simone P\u00e9r\u00e8le EDE Bia\u0142y<br \/>\nRozmiar 65F<\/p>\n<p><strong>Simone P\u00e9r\u00e8le<\/strong> to francuska marka ekskluzywnej bielizny, stworzonej z materia\u0142\u00f3w najwy\u017cszej jako\u015bci. Dba\u0142o\u015b\u0107 o szczeg\u00f3\u0142y i jako\u015b w ka\u017cdym detalu to jej znak rozpoznawczy. To marka, kt\u00f3r\u0105 wyr\u00f3\u017cnia zmys\u0142owo\u015b\u0107 i kobieco\u015b\u0107.<\/p>\n","protected":false},"excerpt":{"rendered":"<p>Biustonosz Simone P\u00e9r\u00e8le EDE Bia\u0142y<br \/>\nRozmiar 65F<\/p>\n","protected":false},"featured_media":7661,"template":"","meta":[],"product_brand":[],"product_cat":[89,91],"product_tag":[156,229,213],"class_list":{"0":"post-7665","1":"product","2":"type-product","3":"status-publish","4":"has-post-thumbnail","6":"product_cat-bra","7":"product_cat-usztywniane","8":"product_tag-bielizna-dla-siebie","9":"product_tag-bielizna-na-co-dzien","10":"product_tag-cielisty-biustonosz","12":"first","13":"instock","14":"shipping-taxable","15":"purchasable","16":"product-type-simple"},"_links":{"self":[{"href":"https:\/\/sensuu.pl\/index.php\/wp-json\/wp\/v2\/product\/7665","targetHints":{"allow":["GET"]}}],"collection":[{"href":"https:\/\/sensuu.pl\/index.php\/wp-json\/wp\/v2\/product"}],"about":[{"href":"https:\/\/sensuu.pl\/index.php\/wp-json\/wp\/v2\/types\/product"}],"version-history":[{"count":3,"href":"https:\/\/sensuu.pl\/index.php\/wp-json\/wp\/v2\/product\/7665\/revisions"}],"predecessor-version":[{"id":8639,"href":"https:\/\/sensuu.pl\/index.php\/wp-json\/wp\/v2\/product\/7665\/revisions\/8639"}],"wp:featuredmedia":[{"embeddable":true,"href":"https:\/\/sensuu.pl\/index.php\/wp-json\/wp\/v2\/media\/7661"}],"wp:attachment":[{"href":"https:\/\/sensuu.pl\/index.php\/wp-json\/wp\/v2\/media?parent=7665"}],"wp:term":[{"taxonomy":"product_brand","embeddable":true,"href":"https:\/\/sensuu.pl\/index.php\/wp-json\/wp\/v2\/product_brand?post=7665"},{"taxonomy":"product_cat","embeddable":true,"href":"https:\/\/sensuu.pl\/index.php\/wp-json\/wp\/v2\/product_cat?post=7665"},{"taxonomy":"product_tag","embeddable":true,"href":"https:\/\/sensuu.pl\/index.php\/wp-json\/wp\/v2\/product_tag?post=7665"}],"curies":[{"name":"wp","href":"https:\/\/api.w.org\/{rel}","templated":true}]}}