{"id":7635,"date":"2021-11-07T20:00:10","date_gmt":"2021-11-07T19:00:10","guid":{"rendered":"https:\/\/sensuu.pl\/?post_type=product&#038;p=7635"},"modified":"2021-11-07T20:17:54","modified_gmt":"2021-11-07T19:17:54","slug":"chantelle-spacer-bezowy-70f","status":"publish","type":"product","link":"https:\/\/sensuu.pl\/index.php\/produkt\/chantelle-spacer-bezowy-70f\/","title":{"rendered":"Chantelle Spacer Be\u017cowy 70F"},"content":{"rendered":"<p>Chantelle Spacer Be\u017cowy, Nude Toffee<br \/>\nRozmiar: 70F<\/p>\n<p><strong>Chantelle<\/strong> to luksusowa francuska marka bielizny damskiej. Oferuj\u0119 szeroki wyb\u00f3r biustonoszy, kt\u00f3re cechuje elegancja i doskona\u0142a jako\u015b\u0107 w ka\u017cdym detalu. To marka, kt\u00f3r\u0105 wyr\u00f3\u017cnia \u017ar\u00f3d\u0142o si\u0142y, komfortu i stylu.<\/p>\n","protected":false},"excerpt":{"rendered":"<p>Chantelle Spacer Be\u017cowy, Nude Toffee<br \/>\nRozmiar: 70F<\/p>\n","protected":false},"featured_media":8543,"template":"","meta":[],"product_brand":[],"product_cat":[89,92,91],"product_tag":[215,211,214,212,213,201],"class_list":{"0":"post-7635","1":"product","2":"type-product","3":"status-publish","4":"has-post-thumbnail","6":"product_cat-bra","7":"product_cat-spacer","8":"product_cat-usztywniane","9":"product_tag-biustonosz-chantelle","10":"product_tag-biustonosz-comfort","11":"product_tag-biustonosz-na-co-dzien","12":"product_tag-biustonosz-smooth-comfort","13":"product_tag-cielisty-biustonosz","14":"product_tag-spacer","16":"first","17":"instock","18":"sale","19":"shipping-taxable","20":"purchasable","21":"product-type-simple"},"_links":{"self":[{"href":"https:\/\/sensuu.pl\/index.php\/wp-json\/wp\/v2\/product\/7635","targetHints":{"allow":["GET"]}}],"collection":[{"href":"https:\/\/sensuu.pl\/index.php\/wp-json\/wp\/v2\/product"}],"about":[{"href":"https:\/\/sensuu.pl\/index.php\/wp-json\/wp\/v2\/types\/product"}],"version-history":[{"count":5,"href":"https:\/\/sensuu.pl\/index.php\/wp-json\/wp\/v2\/product\/7635\/revisions"}],"predecessor-version":[{"id":8545,"href":"https:\/\/sensuu.pl\/index.php\/wp-json\/wp\/v2\/product\/7635\/revisions\/8545"}],"wp:featuredmedia":[{"embeddable":true,"href":"https:\/\/sensuu.pl\/index.php\/wp-json\/wp\/v2\/media\/8543"}],"wp:attachment":[{"href":"https:\/\/sensuu.pl\/index.php\/wp-json\/wp\/v2\/media?parent=7635"}],"wp:term":[{"taxonomy":"product_brand","embeddable":true,"href":"https:\/\/sensuu.pl\/index.php\/wp-json\/wp\/v2\/product_brand?post=7635"},{"taxonomy":"product_cat","embeddable":true,"href":"https:\/\/sensuu.pl\/index.php\/wp-json\/wp\/v2\/product_cat?post=7635"},{"taxonomy":"product_tag","embeddable":true,"href":"https:\/\/sensuu.pl\/index.php\/wp-json\/wp\/v2\/product_tag?post=7635"}],"curies":[{"name":"wp","href":"https:\/\/api.w.org\/{rel}","templated":true}]}}