{"id":7629,"date":"2021-11-07T20:47:38","date_gmt":"2021-11-07T19:47:38","guid":{"rendered":"https:\/\/sensuu.pl\/?post_type=product&#038;p=7629"},"modified":"2021-11-07T20:47:39","modified_gmt":"2021-11-07T19:47:39","slug":"biustonosz-simone-perele-lim-pudrowy-85d","status":"publish","type":"product","link":"https:\/\/sensuu.pl\/index.php\/produkt\/biustonosz-simone-perele-lim-pudrowy-85d\/","title":{"rendered":"Biustonosz Simone P\u00e9r\u00e8le LIM Pudrowy 85D"},"content":{"rendered":"<p>Biustonosz Simone P\u00e9r\u00e8le LIM Pudrowy<br \/>\nRozmiar: 85D<\/p>\n<p><strong>Simone P\u00e9r\u00e8le<\/strong> to francuska marka ekskluzywnej bielizny, stworzonej z materia\u0142\u00f3w najwy\u017cszej jako\u015bci. Dba\u0142o\u015b\u0107 o szczeg\u00f3\u0142y i jako\u015b w ka\u017cdym detalu to jej znak rozpoznawczy. To marka, kt\u00f3r\u0105 wyr\u00f3\u017cnia zmys\u0142owo\u015b\u0107 i kobieco\u015b\u0107.<\/p>\n","protected":false},"excerpt":{"rendered":"<p>Biustonosz Simone P\u00e9r\u00e8le LIM Pudrowy<br \/>\nRozmiar: 85D<\/p>\n","protected":false},"featured_media":7630,"template":"","meta":[],"product_brand":[],"product_cat":[89,92,91],"product_tag":[136,219,218],"class_list":{"0":"post-7629","1":"product","2":"type-product","3":"status-publish","4":"has-post-thumbnail","6":"product_cat-bra","7":"product_cat-spacer","8":"product_cat-usztywniane","9":"product_tag-francuska-bielizna","10":"product_tag-luksuowy-biustonosz","11":"product_tag-ozdobny-biustonosz","13":"first","14":"instock","15":"sale","16":"shipping-taxable","17":"purchasable","18":"product-type-simple"},"_links":{"self":[{"href":"https:\/\/sensuu.pl\/index.php\/wp-json\/wp\/v2\/product\/7629","targetHints":{"allow":["GET"]}}],"collection":[{"href":"https:\/\/sensuu.pl\/index.php\/wp-json\/wp\/v2\/product"}],"about":[{"href":"https:\/\/sensuu.pl\/index.php\/wp-json\/wp\/v2\/types\/product"}],"version-history":[{"count":3,"href":"https:\/\/sensuu.pl\/index.php\/wp-json\/wp\/v2\/product\/7629\/revisions"}],"predecessor-version":[{"id":8547,"href":"https:\/\/sensuu.pl\/index.php\/wp-json\/wp\/v2\/product\/7629\/revisions\/8547"}],"wp:featuredmedia":[{"embeddable":true,"href":"https:\/\/sensuu.pl\/index.php\/wp-json\/wp\/v2\/media\/7630"}],"wp:attachment":[{"href":"https:\/\/sensuu.pl\/index.php\/wp-json\/wp\/v2\/media?parent=7629"}],"wp:term":[{"taxonomy":"product_brand","embeddable":true,"href":"https:\/\/sensuu.pl\/index.php\/wp-json\/wp\/v2\/product_brand?post=7629"},{"taxonomy":"product_cat","embeddable":true,"href":"https:\/\/sensuu.pl\/index.php\/wp-json\/wp\/v2\/product_cat?post=7629"},{"taxonomy":"product_tag","embeddable":true,"href":"https:\/\/sensuu.pl\/index.php\/wp-json\/wp\/v2\/product_tag?post=7629"}],"curies":[{"name":"wp","href":"https:\/\/api.w.org\/{rel}","templated":true}]}}