{"id":7625,"date":"2021-11-07T19:33:40","date_gmt":"2021-11-07T18:33:40","guid":{"rendered":"https:\/\/sensuu.pl\/?post_type=product&#038;p=7625"},"modified":"2021-11-07T21:19:06","modified_gmt":"2021-11-07T20:19:06","slug":"implicite-exo-czarny-braletka-80c-d","status":"publish","type":"product","link":"https:\/\/sensuu.pl\/index.php\/produkt\/implicite-exo-czarny-braletka-80c-d\/","title":{"rendered":"Implicite EXO Czarny Braletka 80C\/D"},"content":{"rendered":"<p>Implicite EXO Czarny<br \/>\nBraletka<br \/>\nRozmiar 3<br \/>\nObw\u00f3d: 80<br \/>\nMiseczka: C-D<\/p>\n<p><strong>Implicite by Simone P\u00e9r\u00e8le<\/strong> to francuska marka ekskluzywnej bielizny, stworzonej z materia\u0142\u00f3w najwy\u017cszej jako\u015bci, zgodnej z najnowszymi trendami w modzie bieli\u017anianej. To marka, kt\u00f3r\u0105 wyr\u00f3\u017cnia nowoczesno\u015b\u0107 i przepi\u0119kn\u0105 estetyka.<\/p>\n","protected":false},"excerpt":{"rendered":"<p>Implicite EXO Czarny Braletka<br \/>\nRozmiar 3<br \/>\nObw\u00f3d: 80<br \/>\nMiseczka: C-D<\/p>\n","protected":false},"featured_media":7627,"template":"","meta":[],"product_brand":[],"product_cat":[89,199,152],"product_tag":[147,207,209,185,179],"class_list":{"0":"post-7625","1":"product","2":"type-product","3":"status-publish","4":"has-post-thumbnail","6":"product_cat-bra","7":"product_cat-braletka","8":"product_cat-nieusztywnianie","9":"product_tag-bielizna-na-randke","10":"product_tag-biustonosz-siateczka","11":"product_tag-ekstrawagancki-biustonosz","12":"product_tag-luksusowa-bielizna","13":"product_tag-seksowna-bielizna","15":"first","16":"instock","17":"sale","18":"shipping-taxable","19":"purchasable","20":"product-type-simple"},"_links":{"self":[{"href":"https:\/\/sensuu.pl\/index.php\/wp-json\/wp\/v2\/product\/7625","targetHints":{"allow":["GET"]}}],"collection":[{"href":"https:\/\/sensuu.pl\/index.php\/wp-json\/wp\/v2\/product"}],"about":[{"href":"https:\/\/sensuu.pl\/index.php\/wp-json\/wp\/v2\/types\/product"}],"version-history":[{"count":3,"href":"https:\/\/sensuu.pl\/index.php\/wp-json\/wp\/v2\/product\/7625\/revisions"}],"predecessor-version":[{"id":8537,"href":"https:\/\/sensuu.pl\/index.php\/wp-json\/wp\/v2\/product\/7625\/revisions\/8537"}],"wp:featuredmedia":[{"embeddable":true,"href":"https:\/\/sensuu.pl\/index.php\/wp-json\/wp\/v2\/media\/7627"}],"wp:attachment":[{"href":"https:\/\/sensuu.pl\/index.php\/wp-json\/wp\/v2\/media?parent=7625"}],"wp:term":[{"taxonomy":"product_brand","embeddable":true,"href":"https:\/\/sensuu.pl\/index.php\/wp-json\/wp\/v2\/product_brand?post=7625"},{"taxonomy":"product_cat","embeddable":true,"href":"https:\/\/sensuu.pl\/index.php\/wp-json\/wp\/v2\/product_cat?post=7625"},{"taxonomy":"product_tag","embeddable":true,"href":"https:\/\/sensuu.pl\/index.php\/wp-json\/wp\/v2\/product_tag?post=7625"}],"curies":[{"name":"wp","href":"https:\/\/api.w.org\/{rel}","templated":true}]}}