{"id":7609,"date":"2021-11-07T20:49:18","date_gmt":"2021-11-07T19:49:18","guid":{"rendered":"https:\/\/sensuu.pl\/?post_type=product&#038;p=7609"},"modified":"2021-11-07T20:49:18","modified_gmt":"2021-11-07T19:49:18","slug":"komplet-simone-perele-spacer-3d-car-czerwony-65d","status":"publish","type":"product","link":"https:\/\/sensuu.pl\/index.php\/produkt\/komplet-simone-perele-spacer-3d-car-czerwony-65d\/","title":{"rendered":"Komplet Simone P\u00e9r\u00e8le Spacer 3D Car Czerwony 65D"},"content":{"rendered":"<p>Biustonosz Simone P\u00e9r\u00e8le Spacer 3D Car Czerwony<br \/>\nRozmiar 65D<br \/>\nRozmiar majtek: FR1, EUR 34-36<\/p>\n<p><strong>Simone P\u00e9r\u00e8le<\/strong> to francuska marka ekskluzywnej bielizny, stworzonej z materia\u0142\u00f3w najwy\u017cszej jako\u015bci. Dba\u0142o\u015b\u0107 o szczeg\u00f3\u0142y i jako\u015b w ka\u017cdym detalu to jej znak rozpoznawczy. To marka, kt\u00f3r\u0105 wyr\u00f3\u017cnia zmys\u0142owo\u015b\u0107 i kobieco\u015b\u0107.<\/p>\n","protected":false},"excerpt":{"rendered":"<p>Biustonosz Simone P\u00e9r\u00e8le Spacer 3D Car Czerwony<br \/>\nRozmiar 65D<br \/>\nRozmiar majtek: FR1, EUR 34-36<\/p>\n","protected":false},"featured_media":7642,"template":"","meta":[],"product_brand":[],"product_cat":[89,97,93,92,95,91],"product_tag":[191,221,220,222,127,179,201],"class_list":{"0":"post-7609","1":"product","2":"type-product","3":"status-publish","4":"has-post-thumbnail","6":"product_cat-bra","7":"product_cat-komplety","8":"product_cat-pants","9":"product_cat-spacer","10":"product_cat-stringi","11":"product_cat-usztywniane","12":"product_tag-czerwona-bielizna","13":"product_tag-czerwony-komplet","14":"product_tag-komfortowy-biusztonosz","15":"product_tag-komplet-ze-stringami","16":"product_tag-na-randke","17":"product_tag-seksowna-bielizna","18":"product_tag-spacer","20":"first","21":"instock","22":"shipping-taxable","23":"purchasable","24":"product-type-simple"},"_links":{"self":[{"href":"https:\/\/sensuu.pl\/index.php\/wp-json\/wp\/v2\/product\/7609","targetHints":{"allow":["GET"]}}],"collection":[{"href":"https:\/\/sensuu.pl\/index.php\/wp-json\/wp\/v2\/product"}],"about":[{"href":"https:\/\/sensuu.pl\/index.php\/wp-json\/wp\/v2\/types\/product"}],"version-history":[{"count":4,"href":"https:\/\/sensuu.pl\/index.php\/wp-json\/wp\/v2\/product\/7609\/revisions"}],"predecessor-version":[{"id":8548,"href":"https:\/\/sensuu.pl\/index.php\/wp-json\/wp\/v2\/product\/7609\/revisions\/8548"}],"wp:featuredmedia":[{"embeddable":true,"href":"https:\/\/sensuu.pl\/index.php\/wp-json\/wp\/v2\/media\/7642"}],"wp:attachment":[{"href":"https:\/\/sensuu.pl\/index.php\/wp-json\/wp\/v2\/media?parent=7609"}],"wp:term":[{"taxonomy":"product_brand","embeddable":true,"href":"https:\/\/sensuu.pl\/index.php\/wp-json\/wp\/v2\/product_brand?post=7609"},{"taxonomy":"product_cat","embeddable":true,"href":"https:\/\/sensuu.pl\/index.php\/wp-json\/wp\/v2\/product_cat?post=7609"},{"taxonomy":"product_tag","embeddable":true,"href":"https:\/\/sensuu.pl\/index.php\/wp-json\/wp\/v2\/product_tag?post=7609"}],"curies":[{"name":"wp","href":"https:\/\/api.w.org\/{rel}","templated":true}]}}