{"id":7595,"date":"2021-11-07T19:35:40","date_gmt":"2021-11-07T18:35:40","guid":{"rendered":"https:\/\/sensuu.pl\/?post_type=product&#038;p=7595"},"modified":"2021-11-07T21:31:30","modified_gmt":"2021-11-07T20:31:30","slug":"biustonosz-simone-perele-spacer-3d-zielony-70f","status":"publish","type":"product","link":"https:\/\/sensuu.pl\/index.php\/produkt\/biustonosz-simone-perele-spacer-3d-zielony-70f\/","title":{"rendered":"Biustonosz Simone P\u00e9r\u00e8le Spacer 3D Zielony 70F"},"content":{"rendered":"<p>Biustonosz Simone P\u00e9r\u00e8le Spacer 3D<br \/>\nRozmiar 70F<\/p>\n<p><strong>Simone P\u00e9r\u00e8le<\/strong> to francuska marka ekskluzywnej bielizny, stworzonej z materia\u0142\u00f3w najwy\u017cszej jako\u015bci. Dba\u0142o\u015b\u0107 o szczeg\u00f3\u0142y i jako\u015b w ka\u017cdym detalu to jej znak rozpoznawczy. To marka, kt\u00f3r\u0105 wyr\u00f3\u017cnia zmys\u0142owo\u015b\u0107 i kobieco\u015b\u0107.<\/p>\n","protected":false},"excerpt":{"rendered":"<p>Biustonosz Simone P\u00e9r\u00e8le Spacer 3D<br \/>\nRozmiar 70F<\/p>\n","protected":false},"featured_media":7596,"template":"","meta":[],"product_brand":[],"product_cat":[89,92,91],"product_tag":[132,206,205,204,201,203],"class_list":{"0":"post-7595","1":"product","2":"type-product","3":"status-publish","4":"has-post-thumbnail","6":"product_cat-bra","7":"product_cat-spacer","8":"product_cat-usztywniane","9":"product_tag-bielizna","10":"product_tag-elegancka-bielizna","11":"product_tag-elegancki-biustonosz","12":"product_tag-komfortowy-biustonosz","13":"product_tag-spacer","14":"product_tag-wygodny-biustonosz","16":"first","17":"instock","18":"shipping-taxable","19":"purchasable","20":"product-type-simple"},"_links":{"self":[{"href":"https:\/\/sensuu.pl\/index.php\/wp-json\/wp\/v2\/product\/7595","targetHints":{"allow":["GET"]}}],"collection":[{"href":"https:\/\/sensuu.pl\/index.php\/wp-json\/wp\/v2\/product"}],"about":[{"href":"https:\/\/sensuu.pl\/index.php\/wp-json\/wp\/v2\/types\/product"}],"version-history":[{"count":3,"href":"https:\/\/sensuu.pl\/index.php\/wp-json\/wp\/v2\/product\/7595\/revisions"}],"predecessor-version":[{"id":8538,"href":"https:\/\/sensuu.pl\/index.php\/wp-json\/wp\/v2\/product\/7595\/revisions\/8538"}],"wp:featuredmedia":[{"embeddable":true,"href":"https:\/\/sensuu.pl\/index.php\/wp-json\/wp\/v2\/media\/7596"}],"wp:attachment":[{"href":"https:\/\/sensuu.pl\/index.php\/wp-json\/wp\/v2\/media?parent=7595"}],"wp:term":[{"taxonomy":"product_brand","embeddable":true,"href":"https:\/\/sensuu.pl\/index.php\/wp-json\/wp\/v2\/product_brand?post=7595"},{"taxonomy":"product_cat","embeddable":true,"href":"https:\/\/sensuu.pl\/index.php\/wp-json\/wp\/v2\/product_cat?post=7595"},{"taxonomy":"product_tag","embeddable":true,"href":"https:\/\/sensuu.pl\/index.php\/wp-json\/wp\/v2\/product_tag?post=7595"}],"curies":[{"name":"wp","href":"https:\/\/api.w.org\/{rel}","templated":true}]}}