{"id":7525,"date":"2021-05-28T23:02:50","date_gmt":"2021-05-28T21:02:50","guid":{"rendered":"https:\/\/sensuu.pl\/?post_type=product&#038;p=7525"},"modified":"2022-01-03T21:10:58","modified_gmt":"2022-01-03T20:10:58","slug":"biustonosz-simone-perele-wish-12b347-rozowy-70c","status":"publish","type":"product","link":"https:\/\/sensuu.pl\/index.php\/produkt\/biustonosz-simone-perele-wish-12b347-rozowy-70c\/","title":{"rendered":"Biustonosz Simone P\u00e9r\u00e8le Wish 12B347 R\u00f3\u017cowy 70C"},"content":{"rendered":"<p><strong>Biustonosz z mi\u0119kkimi miseczkami z fiszbinami o kroju triangle push-up.<\/strong><\/p>\n<p>Miseczki posiadaj\u0105 wyjmowane, g\u0105beczki we wk\u0142adkach &#8211; powi\u0119kszaj\u0105ce biust. Biustonosz wykonany z haftowanego tiulu oraz pi\u0119knej \u017cakardowej satyny. Miseczki pokryte s\u0105 haftem, kt\u00f3ry jest pi\u0119knie kontynuowany jest a\u017c do po\u0142owy klatki piersiowej. Dekolt w kszta\u0142cie litery V.<\/p>\n<p>Wish to spe\u0142nienie \u017cycze\u0144 ka\u017cdej kobiety marz\u0105cej o tym, by niezwyk\u0142e pi\u0119kno bielizny po\u0142\u0105czy\u0107 z komfortem codziennego noszenia.<\/p>\n<p>*Miseczki zbieraj\u0105 biust do \u015brodka i powi\u0119kszaj\u0105 go o jeden rozmiar.<\/p>\n<p>&nbsp;<\/p>\n<p>Cena regularna: 379z\u0142<\/p>\n","protected":false},"excerpt":{"rendered":"<p><strong>Biustonosz z mi\u0119kkimi miseczkami z fiszbinami o kroju triangle push-up.<\/strong><\/p>\n<p>Miseczki posiadaj\u0105 wyjmowane, g\u0105beczki we wk\u0142adkach &#8211; powi\u0119kszaj\u0105ce biust. Biustonosz wykonany z haftowanego tiulu oraz pi\u0119knej \u017cakardowej satyny. Miseczki pokryte s\u0105 haftem, kt\u00f3ry jest pi\u0119knie kontynuowany jest a\u017c do po\u0142owy klatki piersiowej. Dekolt w kszta\u0142cie litery V.<\/p>\n","protected":false},"featured_media":7527,"template":"","meta":[],"product_brand":[],"product_cat":[89,90,153],"product_tag":[142,194,173,193],"class_list":{"0":"post-7525","1":"product","2":"type-product","3":"status-publish","4":"has-post-thumbnail","6":"product_cat-bra","7":"product_cat-koronkowe","8":"product_cat-push-up","9":"product_tag-bielizna-koronkowa","10":"product_tag-biustonosz-push-up","11":"product_tag-koronkowy-biustonosz","12":"product_tag-push-up","14":"first","15":"instock","16":"sold-individually","17":"shipping-taxable","18":"purchasable","19":"product-type-simple"},"_links":{"self":[{"href":"https:\/\/sensuu.pl\/index.php\/wp-json\/wp\/v2\/product\/7525","targetHints":{"allow":["GET"]}}],"collection":[{"href":"https:\/\/sensuu.pl\/index.php\/wp-json\/wp\/v2\/product"}],"about":[{"href":"https:\/\/sensuu.pl\/index.php\/wp-json\/wp\/v2\/types\/product"}],"version-history":[{"count":1,"href":"https:\/\/sensuu.pl\/index.php\/wp-json\/wp\/v2\/product\/7525\/revisions"}],"predecessor-version":[{"id":7526,"href":"https:\/\/sensuu.pl\/index.php\/wp-json\/wp\/v2\/product\/7525\/revisions\/7526"}],"wp:featuredmedia":[{"embeddable":true,"href":"https:\/\/sensuu.pl\/index.php\/wp-json\/wp\/v2\/media\/7527"}],"wp:attachment":[{"href":"https:\/\/sensuu.pl\/index.php\/wp-json\/wp\/v2\/media?parent=7525"}],"wp:term":[{"taxonomy":"product_brand","embeddable":true,"href":"https:\/\/sensuu.pl\/index.php\/wp-json\/wp\/v2\/product_brand?post=7525"},{"taxonomy":"product_cat","embeddable":true,"href":"https:\/\/sensuu.pl\/index.php\/wp-json\/wp\/v2\/product_cat?post=7525"},{"taxonomy":"product_tag","embeddable":true,"href":"https:\/\/sensuu.pl\/index.php\/wp-json\/wp\/v2\/product_tag?post=7525"}],"curies":[{"name":"wp","href":"https:\/\/api.w.org\/{rel}","templated":true}]}}