{"id":7476,"date":"2021-05-28T11:41:37","date_gmt":"2021-05-28T09:41:37","guid":{"rendered":"https:\/\/sensuu.pl\/?post_type=product&#038;p=7476"},"modified":"2022-01-16T23:39:21","modified_gmt":"2022-01-16T22:39:21","slug":"biustonosz-implicite-inf-29d310-granatowy-70c","status":"publish","type":"product","link":"https:\/\/sensuu.pl\/index.php\/produkt\/biustonosz-implicite-inf-29d310-granatowy-70c\/","title":{"rendered":"Biustonosz Implicite INF 29D310 Granatowy 70C"},"content":{"rendered":"<p><strong>Koronkowy, nieusztywniany biustonosz z fiszbinami. W odcieniach granatu.<\/strong><\/p>\n<p>Odwa\u017c si\u0119 na subtelny i seksowny model serii \u0142\u0105cz\u0105cej graficzn\u0105 koronk\u0119 i nowoczesne gumki.<br \/>\nBiustonosz Influence z seksownymi kontrastuj\u0105cymi koronkami zapiera dech w piersiach. Nowoczesny design to idealny dodatek w ka\u017cdym sezonie.<\/p>\n<p>Implicite by Simone P\u00e9r\u00e8le to francuska marka ekskluzywnej bielizny, stworzonej z materia\u0142\u00f3w najwy\u017cszej jako\u015bci, zgodnej z najnowszymi trendami w modzie bieli\u017anianej. To marka, kt\u00f3r\u0105 wyr\u00f3\u017cnia nowoczesno\u015b\u0107 i przepi\u0119kna estetyka.<\/p>\n","protected":false},"excerpt":{"rendered":"<p><strong>Koronkowy, nieusztywniany biustonosz z fiszbinami. W odcieniach granatu.<\/strong><\/p>\n<p>Odwa\u017c si\u0119 na subtelny i seksowny model serii \u0142\u0105cz\u0105cej graficzn\u0105 koronk\u0119 i nowoczesne gumki.<br \/>\nBiustonosz Influence z seksownymi kontrastuj\u0105cymi koronkami zapiera dech w piersiach. Nowoczesny design to idealny dodatek w ka\u017cdym sezonie.<\/p>\n","protected":false},"featured_media":7018,"template":"","meta":[],"product_brand":[],"product_cat":[89,90,152],"product_tag":[156,146,158,155,127],"class_list":{"0":"post-7476","1":"product","2":"type-product","3":"status-publish","4":"has-post-thumbnail","6":"product_cat-bra","7":"product_cat-koronkowe","8":"product_cat-nieusztywnianie","9":"product_tag-bielizna-dla-siebie","10":"product_tag-biustonosz-koronkowy","11":"product_tag-francuska-koronka","12":"product_tag-modny-biustonosz","13":"product_tag-na-randke","15":"first","16":"instock","17":"sold-individually","18":"shipping-taxable","19":"purchasable","20":"product-type-simple"},"_links":{"self":[{"href":"https:\/\/sensuu.pl\/index.php\/wp-json\/wp\/v2\/product\/7476","targetHints":{"allow":["GET"]}}],"collection":[{"href":"https:\/\/sensuu.pl\/index.php\/wp-json\/wp\/v2\/product"}],"about":[{"href":"https:\/\/sensuu.pl\/index.php\/wp-json\/wp\/v2\/types\/product"}],"version-history":[{"count":1,"href":"https:\/\/sensuu.pl\/index.php\/wp-json\/wp\/v2\/product\/7476\/revisions"}],"predecessor-version":[{"id":7477,"href":"https:\/\/sensuu.pl\/index.php\/wp-json\/wp\/v2\/product\/7476\/revisions\/7477"}],"wp:featuredmedia":[{"embeddable":true,"href":"https:\/\/sensuu.pl\/index.php\/wp-json\/wp\/v2\/media\/7018"}],"wp:attachment":[{"href":"https:\/\/sensuu.pl\/index.php\/wp-json\/wp\/v2\/media?parent=7476"}],"wp:term":[{"taxonomy":"product_brand","embeddable":true,"href":"https:\/\/sensuu.pl\/index.php\/wp-json\/wp\/v2\/product_brand?post=7476"},{"taxonomy":"product_cat","embeddable":true,"href":"https:\/\/sensuu.pl\/index.php\/wp-json\/wp\/v2\/product_cat?post=7476"},{"taxonomy":"product_tag","embeddable":true,"href":"https:\/\/sensuu.pl\/index.php\/wp-json\/wp\/v2\/product_tag?post=7476"}],"curies":[{"name":"wp","href":"https:\/\/api.w.org\/{rel}","templated":true}]}}