{"id":7449,"date":"2021-05-27T22:47:19","date_gmt":"2021-05-27T20:47:19","guid":{"rendered":"https:\/\/sensuu.pl\/?post_type=product&#038;p=7449"},"modified":"2021-06-13T14:51:26","modified_gmt":"2021-06-13T12:51:26","slug":"komplet-passionata-czarny-80c","status":"publish","type":"product","link":"https:\/\/sensuu.pl\/index.php\/produkt\/komplet-passionata-czarny-80c\/","title":{"rendered":"Komplet Passionata Czarny 80C"},"content":{"rendered":"<p><strong>Stylowy czarny komplet z delikatnej siateczki. <\/strong><\/p>\n<p>Wz\u00f3r na biustonoszu posiada cieniutkie paseczki. Biustonosz zabudowany, doskonale utrzymuje piersi, posiada szerokie regulowane rami\u0105czka. Miseczki bez podszewki i naturalnym kszta\u0142cie. Zapi\u0119cie regulowane na trzy haftki. Przezroczyste miseczki i efektowna nowoczesna siateczka zapewniaj\u0105 seksowny i komfortowy model z efektem naturalnego biustu.<\/p>\n<p>D\u00f3\u0142 kompletu o standardowej wysoko\u015bci zabudowie z seksownym wyci\u0119ciem na pupie.<\/p>\n<p>&nbsp;<\/p>\n<p>Passionata to marka zaprojektowana przez Chantelle Lingerie, francusk\u0105 firm\u0119 multibrandowa projektuj\u0105ca bielizn\u0119 od 1876 roku.<\/p>\n","protected":false},"excerpt":{"rendered":"<p><strong>Stylowy czarny komplet z delikatnej siateczki. <\/strong><\/p>\n<p>Wz\u00f3r na biustonoszu posiada cieniutkie paseczki.\u00a0Biustonosz zabudowany, doskonale utrzymuje piersi, posiada szerokie regulowane rami\u0105czka. Zapi\u0119cie regulowane na trzy haftki. D\u00f3\u0142 kompletu o standardowej wysoko\u015bci zabudowie z seksownym wyci\u0119ciem na pupie.<\/p>\n","protected":false},"featured_media":7450,"template":"","meta":[],"product_brand":[],"product_cat":[89,97,90,152],"product_tag":[192,179,180],"class_list":{"0":"post-7449","1":"product","2":"type-product","3":"status-publish","4":"has-post-thumbnail","6":"product_cat-bra","7":"product_cat-komplety","8":"product_cat-koronkowe","9":"product_cat-nieusztywnianie","10":"product_tag-czarny-komplet","11":"product_tag-seksowna-bielizna","12":"product_tag-seksowny-komplet","14":"first","15":"instock","16":"sold-individually","17":"shipping-taxable","18":"purchasable","19":"product-type-simple"},"_links":{"self":[{"href":"https:\/\/sensuu.pl\/index.php\/wp-json\/wp\/v2\/product\/7449","targetHints":{"allow":["GET"]}}],"collection":[{"href":"https:\/\/sensuu.pl\/index.php\/wp-json\/wp\/v2\/product"}],"about":[{"href":"https:\/\/sensuu.pl\/index.php\/wp-json\/wp\/v2\/types\/product"}],"version-history":[{"count":3,"href":"https:\/\/sensuu.pl\/index.php\/wp-json\/wp\/v2\/product\/7449\/revisions"}],"predecessor-version":[{"id":7579,"href":"https:\/\/sensuu.pl\/index.php\/wp-json\/wp\/v2\/product\/7449\/revisions\/7579"}],"wp:featuredmedia":[{"embeddable":true,"href":"https:\/\/sensuu.pl\/index.php\/wp-json\/wp\/v2\/media\/7450"}],"wp:attachment":[{"href":"https:\/\/sensuu.pl\/index.php\/wp-json\/wp\/v2\/media?parent=7449"}],"wp:term":[{"taxonomy":"product_brand","embeddable":true,"href":"https:\/\/sensuu.pl\/index.php\/wp-json\/wp\/v2\/product_brand?post=7449"},{"taxonomy":"product_cat","embeddable":true,"href":"https:\/\/sensuu.pl\/index.php\/wp-json\/wp\/v2\/product_cat?post=7449"},{"taxonomy":"product_tag","embeddable":true,"href":"https:\/\/sensuu.pl\/index.php\/wp-json\/wp\/v2\/product_tag?post=7449"}],"curies":[{"name":"wp","href":"https:\/\/api.w.org\/{rel}","templated":true}]}}