{"id":7413,"date":"2021-05-27T22:12:40","date_gmt":"2021-05-27T20:12:40","guid":{"rendered":"https:\/\/sensuu.pl\/?post_type=product&#038;p=7413"},"modified":"2021-05-27T22:12:40","modified_gmt":"2021-05-27T20:12:40","slug":"biustonosz-simone-perele-elles-70c","status":"publish","type":"product","link":"https:\/\/sensuu.pl\/index.php\/produkt\/biustonosz-simone-perele-elles-70c\/","title":{"rendered":"Biustonosz Simone P\u00e9r\u00e8le Elles 70C"},"content":{"rendered":"<p><strong>Seksowny, czerwony biustonosz model Elles.<\/strong><\/p>\n<p>Miseczki stworzone z po\u0142\u0105czenia koronki oraz delikatnej siateczki. Zawiera ozdobne wi\u0105zanie na szyi z mo\u017cliwo\u015bci\u0105 odpi\u0119cia guziczka na mostku.<\/p>\n<p>&nbsp;<\/p>\n<p>Cena regularna: 329z\u0142<\/p>\n","protected":false},"excerpt":{"rendered":"<p><strong>Seksowny, czerwony biustonosz model Elles.<\/strong><\/p>\n<p>Miseczki stworzone z po\u0142\u0105czenia koronki oraz delikatnej siateczki. Zawiera ozdobne wi\u0105zanie na szyi z mo\u017cliwo\u015bci\u0105 odpi\u0119cia guziczka na mostku.<\/p>\n","protected":false},"featured_media":7414,"template":"","meta":[],"product_brand":[],"product_cat":[89,90,152],"product_tag":[188,191,179,189],"class_list":{"0":"post-7413","1":"product","2":"type-product","3":"status-publish","4":"has-post-thumbnail","6":"product_cat-bra","7":"product_cat-koronkowe","8":"product_cat-nieusztywnianie","9":"product_tag-biustonosz-na-randke","10":"product_tag-czerwona-bielizna","11":"product_tag-seksowna-bielizna","12":"product_tag-seksowny-biustonosz","14":"first","15":"instock","16":"sold-individually","17":"shipping-taxable","18":"purchasable","19":"product-type-simple"},"_links":{"self":[{"href":"https:\/\/sensuu.pl\/index.php\/wp-json\/wp\/v2\/product\/7413","targetHints":{"allow":["GET"]}}],"collection":[{"href":"https:\/\/sensuu.pl\/index.php\/wp-json\/wp\/v2\/product"}],"about":[{"href":"https:\/\/sensuu.pl\/index.php\/wp-json\/wp\/v2\/types\/product"}],"version-history":[{"count":1,"href":"https:\/\/sensuu.pl\/index.php\/wp-json\/wp\/v2\/product\/7413\/revisions"}],"predecessor-version":[{"id":7426,"href":"https:\/\/sensuu.pl\/index.php\/wp-json\/wp\/v2\/product\/7413\/revisions\/7426"}],"wp:featuredmedia":[{"embeddable":true,"href":"https:\/\/sensuu.pl\/index.php\/wp-json\/wp\/v2\/media\/7414"}],"wp:attachment":[{"href":"https:\/\/sensuu.pl\/index.php\/wp-json\/wp\/v2\/media?parent=7413"}],"wp:term":[{"taxonomy":"product_brand","embeddable":true,"href":"https:\/\/sensuu.pl\/index.php\/wp-json\/wp\/v2\/product_brand?post=7413"},{"taxonomy":"product_cat","embeddable":true,"href":"https:\/\/sensuu.pl\/index.php\/wp-json\/wp\/v2\/product_cat?post=7413"},{"taxonomy":"product_tag","embeddable":true,"href":"https:\/\/sensuu.pl\/index.php\/wp-json\/wp\/v2\/product_tag?post=7413"}],"curies":[{"name":"wp","href":"https:\/\/api.w.org\/{rel}","templated":true}]}}