{"id":7400,"date":"2021-05-27T21:53:49","date_gmt":"2021-05-27T19:53:49","guid":{"rendered":"https:\/\/sensuu.pl\/?post_type=product&#038;p=7400"},"modified":"2021-05-28T11:45:14","modified_gmt":"2021-05-28T09:45:14","slug":"biustonosz-panache-bialy-dodac-rozmiar","status":"publish","type":"product","link":"https:\/\/sensuu.pl\/index.php\/produkt\/biustonosz-panache-bialy-dodac-rozmiar\/","title":{"rendered":"Biustonosz Panache Tango Bia\u0142y 65D"},"content":{"rendered":"<p><strong>Biustonosz Tango Balconnet z mi\u0119kkimi miseczkami, oparty na fiszbinach.<\/strong><br \/>\nElegancki biustonosz jest wyko\u0144czony austriackim haftem w postaci li\u015bci, co nadaje mu klasyczny wygl\u0105d. Ten model zapewnia perfekcyjne wsparcie oraz komfort u\u017cytkowania.<\/p>\n<p>Zaprojektowany z laminowanymi miseczkami, zapewniaj\u0105cymi uniesienie i podtrzymanie biustu, podczas gdy sztywny materia\u0142 zapewnia bezpiecze\u0144stwo.<\/p>\n<p>Szczeg\u00f3\u0142y:<br \/>\nMiseczki z fiszbinami<br \/>\nNieusztywniany<br \/>\nRegulowane szelki<br \/>\nSk\u0142ad: 76% poliamid | 20% poliester | 4% elastan<\/p>\n<p>Cena regularna: 329z\u0142<\/p>\n","protected":false},"excerpt":{"rendered":"<p><strong>Biustonosz Tango Balconnet z mi\u0119kkimi miseczkami, oparty na fiszbinach.<\/strong><br \/>\nElegancki biustonosz jest wyko\u0144czony austriackim haftem w postaci li\u015bci, co nadaje mu klasyczny wygl\u0105d. Ten model zapewnia perfekcyjne wsparcie oraz komfort u\u017cytkowania.<\/p>\n<p>Zaprojektowany z laminowanymi miseczkami, zapewniaj\u0105cymi uniesienie i podtrzymanie biustu, podczas gdy sztywny materia\u0142 zapewnia bezpiecze\u0144stwo.<\/p>\n","protected":false},"featured_media":7404,"template":"","meta":[],"product_brand":[],"product_cat":[154,89,152],"product_tag":[184,140,132,185,187],"class_list":{"0":"post-7400","1":"product","2":"type-product","3":"status-publish","4":"has-post-thumbnail","6":"product_cat-bardotki","7":"product_cat-bra","8":"product_cat-nieusztywnianie","9":"product_tag-balconet","10":"product_tag-balcony-bra","11":"product_tag-bielizna","12":"product_tag-luksusowa-bielizna","13":"product_tag-panache","15":"first","16":"instock","17":"sold-individually","18":"shipping-taxable","19":"purchasable","20":"product-type-simple"},"_links":{"self":[{"href":"https:\/\/sensuu.pl\/index.php\/wp-json\/wp\/v2\/product\/7400","targetHints":{"allow":["GET"]}}],"collection":[{"href":"https:\/\/sensuu.pl\/index.php\/wp-json\/wp\/v2\/product"}],"about":[{"href":"https:\/\/sensuu.pl\/index.php\/wp-json\/wp\/v2\/types\/product"}],"version-history":[{"count":3,"href":"https:\/\/sensuu.pl\/index.php\/wp-json\/wp\/v2\/product\/7400\/revisions"}],"predecessor-version":[{"id":7479,"href":"https:\/\/sensuu.pl\/index.php\/wp-json\/wp\/v2\/product\/7400\/revisions\/7479"}],"wp:featuredmedia":[{"embeddable":true,"href":"https:\/\/sensuu.pl\/index.php\/wp-json\/wp\/v2\/media\/7404"}],"wp:attachment":[{"href":"https:\/\/sensuu.pl\/index.php\/wp-json\/wp\/v2\/media?parent=7400"}],"wp:term":[{"taxonomy":"product_brand","embeddable":true,"href":"https:\/\/sensuu.pl\/index.php\/wp-json\/wp\/v2\/product_brand?post=7400"},{"taxonomy":"product_cat","embeddable":true,"href":"https:\/\/sensuu.pl\/index.php\/wp-json\/wp\/v2\/product_cat?post=7400"},{"taxonomy":"product_tag","embeddable":true,"href":"https:\/\/sensuu.pl\/index.php\/wp-json\/wp\/v2\/product_tag?post=7400"}],"curies":[{"name":"wp","href":"https:\/\/api.w.org\/{rel}","templated":true}]}}