{"id":7200,"date":"2021-05-26T21:44:50","date_gmt":"2021-05-26T19:44:50","guid":{"rendered":"https:\/\/sensuu.pl\/?post_type=product&#038;p=7200"},"modified":"2021-05-27T13:38:19","modified_gmt":"2021-05-27T11:38:19","slug":"komplet-passionata-czarny-ze-zlotym-zdobieniem-rozm-l","status":"publish","type":"product","link":"https:\/\/sensuu.pl\/index.php\/produkt\/komplet-passionata-czarny-ze-zlotym-zdobieniem-rozm-l\/","title":{"rendered":"Komplet Passionata Czarny ze z\u0142otym wzorem Rozm L"},"content":{"rendered":"<p>Ekskluzywny komplet Passionata z delikatnej siateczki z ozdobnym z\u0142otym wzorem. Biustonosz z g\u0142\u0119bokim wyci\u0119ciem, pi\u0119knie podkre\u015bli biust oraz wysmukli szyje. D\u00f3\u0142 z podwy\u017cszonym stanem sprawi, \u017ce sylwetka b\u0119dzie wgl\u0105da\u0142a ob\u0142\u0119dnie.<\/p>\n<p>&nbsp;<\/p>\n<div class=\"b3yJDY\"><span class=\"u-6V88 ka2E9k uMhVZi dgII7d z-oVg8 pVrzNP zN9KaA\">Szczeg\u00f3\u0142y:<\/span>\u00a0<span class=\"u-6V88 ka2E9k uMhVZi FxZV-M z-oVg8 pVrzNP zN9KaA\">Przezroczysty, biustonosz z fiszbinami, d\u00f3\u0142 stringi z wysokim stanem<\/span><\/div>\n<div class=\"b3yJDY\"><span class=\"u-6V88 ka2E9k uMhVZi dgII7d z-oVg8 pVrzNP zN9KaA\">Zapi\u0119cie:<\/span>\u00a0<span class=\"u-6V88 ka2E9k uMhVZi FxZV-M z-oVg8 pVrzNP zN9KaA\">Zapi\u0119cie z ty\u0142u,\u00a0<\/span><\/div>\n<div class=\"b3yJDY\"><span class=\"u-6V88 ka2E9k uMhVZi dgII7d z-oVg8 pVrzNP zN9KaA\">Wz\u00f3r:<\/span>\u00a0<span class=\"u-6V88 ka2E9k uMhVZi FxZV-M z-oVg8 pVrzNP zN9KaA\">Czarny, z\u0142oty<\/span><\/div>\n<div class=\"b3yJDY\"><span class=\"u-6V88 ka2E9k uMhVZi dgII7d z-oVg8 pVrzNP zN9KaA\">Szczeg\u00f3\u0142y:<\/span>\u00a0<span class=\"u-6V88 ka2E9k uMhVZi FxZV-M z-oVg8 pVrzNP zN9KaA\">Regulowane rami\u0105czka, fantazyjny dekolt, z\u0142ote wzory<\/span><\/div>\n","protected":false},"excerpt":{"rendered":"<p>Ekskluzywny komplet Passionata z delikatnej siateczki z ozdobnym z\u0142otym wzorem. Biustonosz z g\u0142\u0119bokim wyci\u0119ciem, pi\u0119knie podkre\u015bli biust oraz wysmukli szyje. D\u00f3\u0142 z podwy\u017cszonym stanem sprawi, \u017ce sylwetka b\u0119dzie wgl\u0105da\u0142a ob\u0142\u0119dnie.<\/p>\n","protected":false},"featured_media":7193,"template":"","meta":[],"product_brand":[],"product_cat":[89,97,90,152,95],"product_tag":[170,171,180],"class_list":{"0":"post-7200","1":"product","2":"type-product","3":"status-publish","4":"has-post-thumbnail","6":"product_cat-bra","7":"product_cat-komplety","8":"product_cat-koronkowe","9":"product_cat-nieusztywnianie","10":"product_cat-stringi","11":"product_tag-bielizna-komplet","12":"product_tag-koronkowy-komplet","13":"product_tag-seksowny-komplet","15":"first","16":"instock","17":"sold-individually","18":"shipping-taxable","19":"purchasable","20":"product-type-simple"},"_links":{"self":[{"href":"https:\/\/sensuu.pl\/index.php\/wp-json\/wp\/v2\/product\/7200","targetHints":{"allow":["GET"]}}],"collection":[{"href":"https:\/\/sensuu.pl\/index.php\/wp-json\/wp\/v2\/product"}],"about":[{"href":"https:\/\/sensuu.pl\/index.php\/wp-json\/wp\/v2\/types\/product"}],"version-history":[{"count":2,"href":"https:\/\/sensuu.pl\/index.php\/wp-json\/wp\/v2\/product\/7200\/revisions"}],"predecessor-version":[{"id":7207,"href":"https:\/\/sensuu.pl\/index.php\/wp-json\/wp\/v2\/product\/7200\/revisions\/7207"}],"wp:featuredmedia":[{"embeddable":true,"href":"https:\/\/sensuu.pl\/index.php\/wp-json\/wp\/v2\/media\/7193"}],"wp:attachment":[{"href":"https:\/\/sensuu.pl\/index.php\/wp-json\/wp\/v2\/media?parent=7200"}],"wp:term":[{"taxonomy":"product_brand","embeddable":true,"href":"https:\/\/sensuu.pl\/index.php\/wp-json\/wp\/v2\/product_brand?post=7200"},{"taxonomy":"product_cat","embeddable":true,"href":"https:\/\/sensuu.pl\/index.php\/wp-json\/wp\/v2\/product_cat?post=7200"},{"taxonomy":"product_tag","embeddable":true,"href":"https:\/\/sensuu.pl\/index.php\/wp-json\/wp\/v2\/product_tag?post=7200"}],"curies":[{"name":"wp","href":"https:\/\/api.w.org\/{rel}","templated":true}]}}