{"id":7178,"date":"2021-05-26T21:32:59","date_gmt":"2021-05-26T19:32:59","guid":{"rendered":"https:\/\/sensuu.pl\/?post_type=product&#038;p=7178"},"modified":"2021-05-28T11:35:27","modified_gmt":"2021-05-28T09:35:27","slug":"biustonosz-simone-perele13r330-niebieski-85c","status":"publish","type":"product","link":"https:\/\/sensuu.pl\/index.php\/produkt\/biustonosz-simone-perele13r330-niebieski-85c\/","title":{"rendered":"Biustonosz Simone P\u00e9r\u00e8le 13R330 Niebieski 85C"},"content":{"rendered":"<p>Biustonosz Amour typu balkonetka z fiszbinami wykonanymi z mi\u0119kkiej koronki. Delikatnie ods\u0142ania g\u00f3rn\u0105 cze\u015b\u0107 biustu, a pionowe szwy pozwalaj\u0105 go unie\u015b\u0107. Miseczki od wewn\u0105trz podszyte tiulem, wy\u017cszy karczek zapewnia stabilno\u015b\u0107 noszenia. Rami\u0105czka ozdobione, odpinane, regulowane. Zapinany z ty\u0142u na dwie haftki.<\/p>\n<p>Szczeg\u00f3\u0142y:\u00a0Przezroczysty, biustonosz z fiszbinami<br \/>\nZapi\u0119cie:\u00a0Zapi\u0119cie z ty\u0142u<br \/>\nWz\u00f3r:\u00a0Kolor jednolity<br \/>\nSzczeg\u00f3\u0142y: Regulowane rami\u0105czka, ozdobne<\/p>\n<p>Sk\u0142ad:70%Poliamid, 15%Elastan, 12%Polyester, 3%Poliuretan<\/p>\n<p>&nbsp;<\/p>\n<p>Cena producenta: 329z\u0142<\/p>\n","protected":false},"excerpt":{"rendered":"<p>Biustonosz Amour typu balkonetka z fiszbinami wykonanymi z mi\u0119kkiej koronki. Delikatnie ods\u0142ania g\u00f3rn\u0105 cze\u015b\u0107 biustu, a pionowe szwy pozwalaj\u0105 go unie\u015b\u0107. Miseczki od wewn\u0105trz podszyte tiulem, wy\u017cszy karczek zapewnia stabilno\u015b\u0107 noszenia. Rami\u0105czka ozdobione, odpinane, regulowane. Zapinany z ty\u0142u na haftki.<\/p>\n","protected":false},"featured_media":7184,"template":"","meta":[],"product_brand":[],"product_cat":[89,90,152],"product_tag":[142,173],"class_list":{"0":"post-7178","1":"product","2":"type-product","3":"status-publish","4":"has-post-thumbnail","6":"product_cat-bra","7":"product_cat-koronkowe","8":"product_cat-nieusztywnianie","9":"product_tag-bielizna-koronkowa","10":"product_tag-koronkowy-biustonosz","12":"first","13":"instock","14":"sold-individually","15":"shipping-taxable","16":"purchasable","17":"product-type-simple"},"_links":{"self":[{"href":"https:\/\/sensuu.pl\/index.php\/wp-json\/wp\/v2\/product\/7178","targetHints":{"allow":["GET"]}}],"collection":[{"href":"https:\/\/sensuu.pl\/index.php\/wp-json\/wp\/v2\/product"}],"about":[{"href":"https:\/\/sensuu.pl\/index.php\/wp-json\/wp\/v2\/types\/product"}],"version-history":[{"count":2,"href":"https:\/\/sensuu.pl\/index.php\/wp-json\/wp\/v2\/product\/7178\/revisions"}],"predecessor-version":[{"id":7427,"href":"https:\/\/sensuu.pl\/index.php\/wp-json\/wp\/v2\/product\/7178\/revisions\/7427"}],"wp:featuredmedia":[{"embeddable":true,"href":"https:\/\/sensuu.pl\/index.php\/wp-json\/wp\/v2\/media\/7184"}],"wp:attachment":[{"href":"https:\/\/sensuu.pl\/index.php\/wp-json\/wp\/v2\/media?parent=7178"}],"wp:term":[{"taxonomy":"product_brand","embeddable":true,"href":"https:\/\/sensuu.pl\/index.php\/wp-json\/wp\/v2\/product_brand?post=7178"},{"taxonomy":"product_cat","embeddable":true,"href":"https:\/\/sensuu.pl\/index.php\/wp-json\/wp\/v2\/product_cat?post=7178"},{"taxonomy":"product_tag","embeddable":true,"href":"https:\/\/sensuu.pl\/index.php\/wp-json\/wp\/v2\/product_tag?post=7178"}],"curies":[{"name":"wp","href":"https:\/\/api.w.org\/{rel}","templated":true}]}}