{"id":7039,"date":"2021-03-12T13:03:44","date_gmt":"2021-03-12T12:03:44","guid":{"rendered":"http:\/\/sensuu.pl\/?post_type=product&#038;p=7039"},"modified":"2022-01-16T23:37:39","modified_gmt":"2022-01-16T22:37:39","slug":"biustonosz-simone-perele-ede-12e330-pomaranczowy","status":"publish","type":"product","link":"https:\/\/sensuu.pl\/index.php\/produkt\/biustonosz-simone-perele-ede-12e330-pomaranczowy\/","title":{"rendered":"Biustonosz Simone P\u00e9r\u00e8le 12E330 Pomara\u0144czowy 75B"},"content":{"rendered":"<div>\u015aliczny biustonosz Eden Chic z mi\u0119kkimi miseczkami w energetycznym kolorze pomara\u0144czy. Z fiszbinami o kroju typu balcony bra. Miseczki posiadaj\u0105 pionowe ci\u0119cia. Wykonany z delikatnej,\u00a0 francuskiej koronki z wzorem o motywie kwiatowym. Rami\u0105czka cienkie, podw\u00f3jne.<\/div>\n<div>Posiadamy w rozmiarze B i C.<\/div>\n<div><\/div>\n<div class=\"b3yJDY\"><span class=\"u-6V88 ka2E9k uMhVZi dgII7d z-oVg8 pVrzNP zN9KaA\">Szczeg\u00f3\u0142y:<\/span>\u00a0<span class=\"u-6V88 ka2E9k uMhVZi FxZV-M z-oVg8 pVrzNP zN9KaA\">Przezroczysty, biustonosz z fiszbinami<\/span><\/div>\n<div class=\"b3yJDY\"><span class=\"u-6V88 ka2E9k uMhVZi dgII7d z-oVg8 pVrzNP zN9KaA\">Zapi\u0119cie:<\/span>\u00a0<span class=\"u-6V88 ka2E9k uMhVZi FxZV-M z-oVg8 pVrzNP zN9KaA\">Zapi\u0119cie z ty\u0142u<\/span><\/div>\n<div class=\"b3yJDY\"><span class=\"u-6V88 ka2E9k uMhVZi dgII7d z-oVg8 pVrzNP zN9KaA\">Wz\u00f3r:<\/span>\u00a0<span class=\"u-6V88 ka2E9k uMhVZi FxZV-M z-oVg8 pVrzNP zN9KaA\">Kolor jednolity<\/span><\/div>\n<div class=\"b3yJDY\"><span class=\"u-6V88 ka2E9k uMhVZi dgII7d z-oVg8 pVrzNP zN9KaA\">Szczeg\u00f3\u0142y:<\/span>\u00a0<span class=\"u-6V88 ka2E9k uMhVZi FxZV-M z-oVg8 pVrzNP zN9KaA\">Regulowane rami\u0105czka, kokarda ozdobna<\/span><\/div>\n<div><\/div>\n<div class=\"b3yJDY\"><span class=\"u-6V88 ka2E9k uMhVZi dgII7d z-oVg8 pVrzNP zN9KaA\">Materia\u0142:<\/span>\u00a0<span class=\"u-6V88 ka2E9k uMhVZi FxZV-M z-oVg8 pVrzNP zN9KaA\">78% poliamid, 22% elastan<\/span><\/div>\n<div class=\"b3yJDY\"><span class=\"u-6V88 ka2E9k uMhVZi dgII7d z-oVg8 pVrzNP zN9KaA\">Struktura\/rodzaj materia\u0142u:<\/span>\u00a0<span class=\"u-6V88 ka2E9k uMhVZi FxZV-M z-oVg8 pVrzNP zN9KaA\">Koronka<\/span><\/div>\n<div class=\"\"><span class=\"u-6V88 ka2E9k uMhVZi dgII7d z-oVg8 pVrzNP zN9KaA\">Wskaz\u00f3wki piel\u0119gnacyjne:<\/span>\u00a0<span class=\"u-6V88 ka2E9k uMhVZi FxZV-M z-oVg8 pVrzNP zN9KaA\">Pranie r\u0119czne<\/span><\/div>\n<div><\/div>\n<div>Cena producenta: 299z\u0142<\/div>\n","protected":false},"excerpt":{"rendered":"<p>\u015aliczny biustonosz Eden Chic z mi\u0119kkimi miseczkami w energetycznym kolorze pomara\u0144czy. Z fiszbinami o kroju typu balcony bra. Miseczki posiadaj\u0105 pionowe ci\u0119cia. Wykonany z delikatnej,\u00a0 francuskiej koronki z wzorem o motywie kwiatowym. Rami\u0105czka cienkie, podw\u00f3jne. Posiadamy w rozmiarze B i C. Szczeg\u00f3\u0142y:\u00a0Przezroczysty, biustonosz z fiszbinami Zapi\u0119cie:\u00a0Zapi\u0119cie z ty\u0142u Wz\u00f3r:\u00a0Kolor jednolity Szczeg\u00f3\u0142y:\u00a0Regulowane rami\u0105czka, kokarda ozdobna Materia\u0142:\u00a078% [&hellip;]<\/p>\n","protected":false},"featured_media":7040,"template":"","meta":[],"product_brand":[],"product_cat":[89,90,152],"product_tag":[156,136,158,173,41],"class_list":{"0":"post-7039","1":"product","2":"type-product","3":"status-publish","4":"has-post-thumbnail","6":"product_cat-bra","7":"product_cat-koronkowe","8":"product_cat-nieusztywnianie","9":"product_tag-bielizna-dla-siebie","10":"product_tag-francuska-bielizna","11":"product_tag-francuska-koronka","12":"product_tag-koronkowy-biustonosz","13":"product_tag-summer","15":"first","16":"instock","17":"sold-individually","18":"shipping-taxable","19":"purchasable","20":"product-type-simple"},"_links":{"self":[{"href":"https:\/\/sensuu.pl\/index.php\/wp-json\/wp\/v2\/product\/7039","targetHints":{"allow":["GET"]}}],"collection":[{"href":"https:\/\/sensuu.pl\/index.php\/wp-json\/wp\/v2\/product"}],"about":[{"href":"https:\/\/sensuu.pl\/index.php\/wp-json\/wp\/v2\/types\/product"}],"version-history":[{"count":3,"href":"https:\/\/sensuu.pl\/index.php\/wp-json\/wp\/v2\/product\/7039\/revisions"}],"predecessor-version":[{"id":7047,"href":"https:\/\/sensuu.pl\/index.php\/wp-json\/wp\/v2\/product\/7039\/revisions\/7047"}],"wp:featuredmedia":[{"embeddable":true,"href":"https:\/\/sensuu.pl\/index.php\/wp-json\/wp\/v2\/media\/7040"}],"wp:attachment":[{"href":"https:\/\/sensuu.pl\/index.php\/wp-json\/wp\/v2\/media?parent=7039"}],"wp:term":[{"taxonomy":"product_brand","embeddable":true,"href":"https:\/\/sensuu.pl\/index.php\/wp-json\/wp\/v2\/product_brand?post=7039"},{"taxonomy":"product_cat","embeddable":true,"href":"https:\/\/sensuu.pl\/index.php\/wp-json\/wp\/v2\/product_cat?post=7039"},{"taxonomy":"product_tag","embeddable":true,"href":"https:\/\/sensuu.pl\/index.php\/wp-json\/wp\/v2\/product_tag?post=7039"}],"curies":[{"name":"wp","href":"https:\/\/api.w.org\/{rel}","templated":true}]}}