{"id":7021,"date":"2021-03-05T11:28:14","date_gmt":"2021-03-05T10:28:14","guid":{"rendered":"http:\/\/sensuu.pl\/?post_type=product&#038;p=7021"},"modified":"2021-05-28T11:38:17","modified_gmt":"2021-05-28T09:38:17","slug":"biustonosz-implicite-cap27f335-fuksja-70b","status":"publish","type":"product","link":"https:\/\/sensuu.pl\/index.php\/produkt\/biustonosz-implicite-cap27f335-fuksja-70b\/","title":{"rendered":"Biustonosz Implicite CAP27F335 Fuksja 70B"},"content":{"rendered":"<p>Miseczki mi\u0119kkie, tiulowe, na fiszbinach, z jednym uko\u015bnym ci\u0119ciem. W ca\u0142o\u015bci pokryte bogatymi po\u0142yskuj\u0105cymi haftami. Pomi\u0119dzy miseczkami ma\u0142y, niski mostek, w kt\u00f3rym jest zapi\u0119cie biustonosza. Zapi\u0119cie z przodu, pomi\u0119dzy miseczkami. Rami\u0105czka z regulacj\u0105 d\u0142ugo\u015bci, po\u0142\u0105czone na plecach.<\/p>\n<p>Tiulowe boczki i ty\u0142 biustonosza dodaj\u0105 mu lekko\u015bci. Bardzo zmys\u0142owy, energetyczny kolor fuksji. Kr\u00f3j idealny do g\u0142\u0119bokich dekolt\u00f3w, dzi\u0119ki niskiemu mostkowi.<\/p>\n<p>Cena producenta: 250z\u0142<\/p>\n<p>Implicite by Simone P\u00e9r\u00e8le to francuska marka ekskluzywnej bielizny, stworzonej z materia\u0142\u00f3w najwy\u017cszej jako\u015bci, zgodnej z najnowszymi trendami w modzie bieli\u017anianej. To marka, kt\u00f3r\u0105 wyr\u00f3\u017cnia nowoczesno\u015b\u0107 i przepi\u0119kna estetyka.<\/p>\n","protected":false},"excerpt":{"rendered":"<p>Miseczki mi\u0119kkie, tiulowe, na fiszbinach, z jednym uko\u015bnym ci\u0119ciem. W ca\u0142o\u015bci pokryte bogatymi po\u0142yskuj\u0105cymi haftami. Pomi\u0119dzy miseczkami ma\u0142y, niski mostek, w kt\u00f3rym jest zapi\u0119cie biustonosza. Zapi\u0119cie z przodu, pomi\u0119dzy miseczkami. Rami\u0105czka z regulacj\u0105 d\u0142ugo\u015bci, po\u0142\u0105czone na plecach. Tiulowe boczki i ty\u0142 biustonosza dodaj\u0105 mu lekko\u015bci. Bardzo zmys\u0142owy, energetyczny kolor fuksji. Kr\u00f3j idealny do g\u0142\u0119bokich dekolt\u00f3w, [&hellip;]<\/p>\n","protected":false},"featured_media":7022,"template":"","meta":[],"product_brand":[],"product_cat":[89,90,152],"product_tag":[117,136,162,160,163],"class_list":{"0":"post-7021","1":"product","2":"type-product","3":"status-publish","4":"has-post-thumbnail","6":"product_cat-bra","7":"product_cat-koronkowe","8":"product_cat-nieusztywnianie","9":"product_tag-barlet","10":"product_tag-francuska-bielizna","11":"product_tag-haftowany-biustonosz","12":"product_tag-uwodzicielska-bielizna","13":"product_tag-zapinany-z-przodu","15":"first","16":"instock","17":"sold-individually","18":"shipping-taxable","19":"purchasable","20":"product-type-simple"},"_links":{"self":[{"href":"https:\/\/sensuu.pl\/index.php\/wp-json\/wp\/v2\/product\/7021","targetHints":{"allow":["GET"]}}],"collection":[{"href":"https:\/\/sensuu.pl\/index.php\/wp-json\/wp\/v2\/product"}],"about":[{"href":"https:\/\/sensuu.pl\/index.php\/wp-json\/wp\/v2\/types\/product"}],"version-history":[{"count":2,"href":"https:\/\/sensuu.pl\/index.php\/wp-json\/wp\/v2\/product\/7021\/revisions"}],"predecessor-version":[{"id":7027,"href":"https:\/\/sensuu.pl\/index.php\/wp-json\/wp\/v2\/product\/7021\/revisions\/7027"}],"wp:featuredmedia":[{"embeddable":true,"href":"https:\/\/sensuu.pl\/index.php\/wp-json\/wp\/v2\/media\/7022"}],"wp:attachment":[{"href":"https:\/\/sensuu.pl\/index.php\/wp-json\/wp\/v2\/media?parent=7021"}],"wp:term":[{"taxonomy":"product_brand","embeddable":true,"href":"https:\/\/sensuu.pl\/index.php\/wp-json\/wp\/v2\/product_brand?post=7021"},{"taxonomy":"product_cat","embeddable":true,"href":"https:\/\/sensuu.pl\/index.php\/wp-json\/wp\/v2\/product_cat?post=7021"},{"taxonomy":"product_tag","embeddable":true,"href":"https:\/\/sensuu.pl\/index.php\/wp-json\/wp\/v2\/product_tag?post=7021"}],"curies":[{"name":"wp","href":"https:\/\/api.w.org\/{rel}","templated":true}]}}